{"id":1346,"date":"2018-03-24T21:23:29","date_gmt":"2018-03-29T13:56:15","guid":{"rendered":"https:\/\/ystersup.com\/en\/?post_type=product&#038;p=1346"},"modified":"2023-05-18T21:50:19","modified_gmt":"2023-05-18T19:50:19","slug":"yster-sup-10-straight-line-tracking-flat-water-fin","status":"publish","type":"product","link":"https:\/\/ystersup.com\/en\/product\/yster-sup-10-straight-line-tracking-flat-water-fin\/","title":{"rendered":"Yster SUP 10&#8243; Straight-line Tracking Flat Water Fin"},"content":{"rendered":"<p>[et_pb_section bb_built=&#8221;1&#8243; admin_label=&#8221;section&#8221;][et_pb_row admin_label=&#8221;row&#8221; background_position=&#8221;top_left&#8221; background_repeat=&#8221;repeat&#8221; background_size=&#8221;initial&#8221;][et_pb_column type=&#8221;2_3&#8243;][et_pb_text admin_label=&#8221;Produktbeskrivning&#8221; background_layout=&#8221;light&#8221; border_style=&#8221;solid&#8221; module_alignment=&#8221;left&#8221; background_position=&#8221;top_left&#8221; background_repeat=&#8221;repeat&#8221; background_size=&#8221;initial&#8221; _builder_version=&#8221;3.0.74&#8243;]<\/p>\n<p>&nbsp;<\/p>\n<h2>Yster SUP 10&#8243; Straight-line Tracking Flat Water Fin<\/h2>\n<h4>Our\u00a0largest fin for large boards<\/h4>\n<p>A fin\u2019s size is measured from its base perpendicular to its deepest tip. However, if you measure our Yster SUP 10&#8243; Straight-line Tracking Flat Water Fin from the front of the base to its tip, the distance is no less than 465 millimeters because of the 50 degree sweep angle. This, combined with the fin\u2019s large horizontal measure &#8211; 190 mm at the widest point &#8211; provide an outstanding directional stability. In practice, this means that the board stays on track \u2013 less zigzagging \u2013 and is less affected by side winds. This means that you do not need to change paddle side as often, which in turn means that you do not loose speed.<\/p>\n<p>The sweep angle is also of great importance when paddling in waters with seaweed, reed and algae or in the Autumn when there may be plenty of leaves in the water. Thanks to the angle of the fin, nothing will tangle and interfere with the glide of the board.<\/p>\n<p>The size of the fin also increases the static stability, i.e. the board also feels more stable at a standstill.<\/p>\n<p>[\/et_pb_text][\/et_pb_column][et_pb_column type=&#8221;1_3&#8243;][et_pb_text admin_label=&#8221;Specifikationer&#8221; background_layout=&#8221;light&#8221; border_style=&#8221;solid&#8221; background_color=&#8221;#f4f4f4&#8243; custom_padding=&#8221;25px|25px|25px|25px&#8221; disabled_on=&#8221;off|off|off&#8221; disabled=&#8221;off&#8221; module_alignment=&#8221;left&#8221; background_position=&#8221;top_left&#8221; background_repeat=&#8221;repeat&#8221; background_size=&#8221;initial&#8221; _builder_version=&#8221;3.0.74&#8243;]<\/p>\n<h6><strong>In the box:<\/strong><\/h6>\n<ul>\n<li>10&#8243; fin.<\/li>\n<li>Cover\u00a0in EVA.<\/li>\n<li>Nut and bolt.<\/li>\n<\/ul>\n<h6><strong>Technical specification:<\/strong><\/h6>\n<ul>\n<li>Design: Semitransparent fiberglass with tree ring structure.<\/li>\n<\/ul>\n<p>[\/et_pb_text][\/et_pb_column][\/et_pb_row][\/et_pb_section][et_pb_section bb_built=&#8221;1&#8243; fullwidth=&#8221;on&#8221; specialty=&#8221;off&#8221; _builder_version=&#8221;3.0.74&#8243;][et_pb_fullwidth_slider admin_label=&#8221;Bildspel&#8221; show_arrows=&#8221;on&#8221; show_pagination=&#8221;on&#8221; remove_inner_shadow=&#8221;off&#8221; background_position=&#8221;top_left&#8221; hide_content_on_mobile=&#8221;off&#8221; hide_cta_on_mobile=&#8221;off&#8221; show_image_video_mobile=&#8221;off&#8221; custom_button=&#8221;off&#8221; button_letter_spacing=&#8221;0&#8243; button_icon_placement=&#8221;right&#8221; button_letter_spacing_hover=&#8221;0&#8243; top_padding=&#8221;200px&#8221; bottom_padding=&#8221;200px&#8221; custom_padding=&#8221;200px||200px|&#8221; show_inner_shadow=&#8221;on&#8221; show_content_on_mobile=&#8221;on&#8221; show_cta_on_mobile=&#8221;on&#8221; custom_padding_tablet=&#8221;|||&#8221; _builder_version=&#8221;3.0.74&#8243;] [et_pb_slide background_image=&#8221;https:\/\/ystersup.com\/wp-content\/uploads\/2018\/03\/20170802_104402-e1522263674325.jpg&#8221; background_position=&#8221;top_left&#8221; background_size=&#8221;cover&#8221; background_color=&#8221;#ffffff&#8221; use_bg_overlay=&#8221;off&#8221; use_text_overlay=&#8221;off&#8221; alignment=&#8221;center&#8221; background_layout=&#8221;dark&#8221; allow_player_pause=&#8221;off&#8221; text_border_radius=&#8221;3&#8243; header_font_select=&#8221;default&#8221; header_font=&#8221;||||&#8221; body_font_select=&#8221;default&#8221; body_font=&#8221;||||&#8221; custom_button=&#8221;off&#8221; button_font_select=&#8221;default&#8221; button_font=&#8221;||||&#8221; button_use_icon=&#8221;on&#8221; button_icon_placement=&#8221;right&#8221; button_on_hover=&#8221;on&#8221; _builder_version=&#8221;3.0.74&#8243; use_background_color_gradient=&#8221;off&#8221; background_color_gradient_start=&#8221;#2b87da&#8221; background_color_gradient_end=&#8221;#29c4a9&#8243; background_color_gradient_type=&#8221;linear&#8221; background_color_gradient_direction=&#8221;180deg&#8221; background_color_gradient_direction_radial=&#8221;center&#8221; background_color_gradient_start_position=&#8221;0%&#8221; background_color_gradient_end_position=&#8221;100%&#8221; parallax=&#8221;on&#8221; parallax_method=&#8221;on&#8221; background_repeat=&#8221;no-repeat&#8221; background_blend=&#8221;normal&#8221; text_orientation=&#8221;left&#8221; header_text_align=&#8221;left&#8221; body_text_align=&#8221;left&#8221; button_bg_use_color_gradient=&#8221;off&#8221; button_bg_color_gradient_start=&#8221;#2b87da&#8221; button_bg_color_gradient_end=&#8221;#29c4a9&#8243; button_bg_color_gradient_type=&#8221;linear&#8221; button_bg_color_gradient_direction_radial=&#8221;center&#8221; button_bg_size=&#8221;cover&#8221; button_bg_position=&#8221;center&#8221; button_bg_repeat=&#8221;no-repeat&#8221; button_bg_blend=&#8221;normal&#8221; button_alignment=&#8221;left&#8221; \/] [\/et_pb_fullwidth_slider][\/et_pb_section]<\/p>\n","protected":false},"excerpt":{"rendered":"<p>Our deepest fin offers\u00a0outstanding directional stability.<\/p>\n","protected":false},"featured_media":1327,"comment_status":"open","ping_status":"closed","template":"","meta":{"_et_pb_use_builder":"on","_et_pb_old_content":"<p>[et_pb_section bb_built=\"1\" admin_label=\"section\"][et_pb_row admin_label=\"row\"][et_pb_column type=\"2_3\"][et_pb_text admin_label=\"Produktbeskrivning\" background_layout=\"light\" text_orientation=\"left\" use_border_color=\"off\" border_color=\"#ffffff\" border_style=\"solid\"]<\/p><h2>Yster 9\" Straight-line Tracking Flat Water SUP Fena<\/h2><h4>F\u00f6r maximal kursstabilitet<\/h4><p>Egenskaper:<\/p><ul><li>SUP-fenans stora horisontella m\u00e5tt samt fenans lutning g\u00f6r att kraften som vill vrida SUP-br\u00e4dan vid paddling minskar vilket \u00f6kar\u00a0kursstabiliteten.<\/li><li>Fenans lutning f\u00f6rhindrar sj\u00f6gr\u00e4s fr\u00e5n att fastna.<\/li><li>Passar alla Ysters br\u00e4dor - b\u00e5de h\u00e5rda och uppbl\u00e5sbara br\u00e4dor.<\/li><li>Passar andra br\u00e4dor med Standard Future Finbox.<\/li><\/ul><p>[\/et_pb_text][\/et_pb_column][et_pb_column type=\"1_3\"][et_pb_text admin_label=\"Specifikationer\" background_layout=\"light\" text_orientation=\"left\" use_border_color=\"off\" border_color=\"#ffffff\" border_style=\"solid\" background_color=\"#f4f4f4\" custom_padding=\"25px|25px|25px|25px\" disabled_on=\"off|off|off\" disabled=\"off\"]<\/p><h6><strong>I leveransen:<\/strong><\/h6><ul><li>9\" Fena.<\/li><li>Fodral i EVA.<\/li><li>Skruv och l\u00e5smutter.<\/li><\/ul><h6><strong>Teknisk specifikation:<\/strong><\/h6><ul><li>Konstruktion: Semitransparent glasfiber med struktur.<\/li><\/ul><p>[\/et_pb_text][\/et_pb_column][\/et_pb_row][\/et_pb_section][et_pb_section bb_built=\"1\" admin_label=\"Sektion\" fullwidth=\"on\" specialty=\"off\"][et_pb_fullwidth_slider admin_label=\"Bildspel\" show_arrows=\"on\" show_pagination=\"on\" auto=\"off\" auto_ignore_hover=\"off\" parallax=\"off\" parallax_method=\"off\" remove_inner_shadow=\"off\" background_position=\"default\" background_size=\"default\" hide_content_on_mobile=\"off\" hide_cta_on_mobile=\"off\" show_image_video_mobile=\"off\" custom_button=\"off\" button_letter_spacing=\"0\" button_use_icon=\"default\" button_icon_placement=\"right\" button_on_hover=\"on\" button_letter_spacing_hover=\"0\" top_padding=\"200px\" bottom_padding=\"200px\"] [et_pb_slide background_image=\"https:\/\/ystersup.com\/wp-content\/uploads\/2016\/06\/Yster-SUP-Carbon-126-kopia-e1465038251264.jpg\" background_position=\"default\" background_size=\"default\" background_color=\"#ffffff\" use_bg_overlay=\"off\" use_text_overlay=\"off\" alignment=\"center\" background_layout=\"dark\" allow_player_pause=\"off\" text_border_radius=\"3\" header_font_select=\"default\" header_font=\"||||\" body_font_select=\"default\" body_font=\"||||\" custom_button=\"off\" button_font_select=\"default\" button_font=\"||||\" button_use_icon=\"default\" button_icon_placement=\"right\" button_on_hover=\"on\"] [\/et_pb_slide] [\/et_pb_fullwidth_slider][\/et_pb_section]<\/p>","_et_gb_content_width":""},"product_brand":[],"product_cat":[28],"product_tag":[],"yst_prominent_words":[],"class_list":{"0":"post-1346","1":"product","2":"type-product","3":"status-publish","4":"has-post-thumbnail","6":"product_cat-sup-accessories","7":"product_shipping_class-parcel-en-2","9":"first","10":"outofstock","11":"taxable","12":"shipping-taxable","13":"purchasable","14":"product-type-simple"},"jetpack_sharing_enabled":true,"_links":{"self":[{"href":"https:\/\/ystersup.com\/en\/wp-json\/wp\/v2\/product\/1346","targetHints":{"allow":["GET"]}}],"collection":[{"href":"https:\/\/ystersup.com\/en\/wp-json\/wp\/v2\/product"}],"about":[{"href":"https:\/\/ystersup.com\/en\/wp-json\/wp\/v2\/types\/product"}],"replies":[{"embeddable":true,"href":"https:\/\/ystersup.com\/en\/wp-json\/wp\/v2\/comments?post=1346"}],"wp:featuredmedia":[{"embeddable":true,"href":"https:\/\/ystersup.com\/en\/wp-json\/wp\/v2\/media\/1327"}],"wp:attachment":[{"href":"https:\/\/ystersup.com\/en\/wp-json\/wp\/v2\/media?parent=1346"}],"wp:term":[{"taxonomy":"product_brand","embeddable":true,"href":"https:\/\/ystersup.com\/en\/wp-json\/wp\/v2\/product_brand?post=1346"},{"taxonomy":"product_cat","embeddable":true,"href":"https:\/\/ystersup.com\/en\/wp-json\/wp\/v2\/product_cat?post=1346"},{"taxonomy":"product_tag","embeddable":true,"href":"https:\/\/ystersup.com\/en\/wp-json\/wp\/v2\/product_tag?post=1346"},{"taxonomy":"yst_prominent_words","embeddable":true,"href":"https:\/\/ystersup.com\/en\/wp-json\/wp\/v2\/yst_prominent_words?post=1346"}],"curies":[{"name":"wp","href":"https:\/\/api.w.org\/{rel}","templated":true}]}}