{"id":1357,"date":"2018-03-17T08:18:00","date_gmt":"2018-03-29T16:14:07","guid":{"rendered":"https:\/\/ystersup.com\/en\/?post_type=product&#038;p=1357"},"modified":"2023-05-18T21:52:25","modified_gmt":"2023-05-18T19:52:25","slug":"yster-sup-carry-strap-grab-handle","status":"publish","type":"product","link":"https:\/\/ystersup.com\/en\/product\/yster-sup-carry-strap-grab-handle\/","title":{"rendered":"Yster SUP Carry Strap &#038; Grab Handle"},"content":{"rendered":"<p>[et_pb_section fb_built=&#8221;1&#8243; admin_label=&#8221;section&#8221; _builder_version=&#8221;3.22&#8243;][et_pb_row column_structure=&#8221;2_3,1_3&#8243; admin_label=&#8221;row&#8221; _builder_version=&#8221;3.25&#8243; background_size=&#8221;initial&#8221; background_position=&#8221;top_left&#8221; background_repeat=&#8221;repeat&#8221;][et_pb_column type=&#8221;2_3&#8243; _builder_version=&#8221;3.25&#8243; custom_padding=&#8221;|||&#8221; custom_padding__hover=&#8221;|||&#8221;][et_pb_text admin_label=&#8221;Produktbeskrivning&#8221; _builder_version=&#8221;3.27.4&#8243; background_size=&#8221;initial&#8221; background_position=&#8221;top_left&#8221; background_repeat=&#8221;repeat&#8221; module_alignment=&#8221;left&#8221; border_style=&#8221;solid&#8221;]<\/p>\n<h2>Yster SUP Carry strap &amp; Grab handle<\/h2>\n<h4>Comfort and safety in a smart combination<\/h4>\n<p>Our boards are very lightweight \u2013 weighing just a little bit more than a bucket of water. Still, they will soon feel heavy when being carried in the handle and even more so when winds are pushing against the board. Our combined carry strap and grab handle will save your arms and hands for the paddling.<\/p>\n<p>The strap is simply hooked into the loops that are attached to the plugs in the boards. Just adjust to the right length and then carry the board like a shoulder bag. If you carry the strap so that it rests on your opposite shoulder, you do not even need to hold the board in its handle. The hands are freed up and your arms can be well rested before you start stroking.<\/p>\n<p>Before you go out on the water, just tighten the strap and it transforms into a grab handle. The grab handle is a welcoming aid if you would fall off your board. Position yourself on the side of your board opposite of the grab handle and reach out for the handle. Do a few kicks with your legs and pull yourself up on the board using the grab handle and soon you will be back up on the board.<\/p>\n<p>Do you take passengers on your board? Hook two carry straps\/ grab handles \u2013 one on each side of the board \u2013 and you will get two sturdy passenger handles, enabling passengers to have something to hold on to when the chop gets heavy.<\/p>\n<p>Two carry straps\/ grab handles can also serve to strap the gear that you want to bring on your long-distance tour or fishing tour.<\/p>\n<p>Yster SUP boards with serial number &lt;1011 are not compatible with Yster SUP Carry strap &amp; Grab handle.<br \/>\n[\/et_pb_text][\/et_pb_column][et_pb_column type=&#8221;1_3&#8243; _builder_version=&#8221;3.25&#8243; custom_padding=&#8221;|||&#8221; custom_padding__hover=&#8221;|||&#8221;][et_pb_text disabled_on=&#8221;off|off|off&#8221; admin_label=&#8221;Specifikationer&#8221; _builder_version=&#8221;3.27.4&#8243; background_color=&#8221;#f4f4f4&#8243; background_size=&#8221;initial&#8221; background_position=&#8221;top_left&#8221; background_repeat=&#8221;repeat&#8221; module_alignment=&#8221;left&#8221; custom_padding=&#8221;25px|25px|25px|25px&#8221; border_style=&#8221;solid&#8221;]&nbsp;<\/p>\n<h6><strong>In the box:<\/strong><\/h6>\n<ul>\n<li>Yster SUP Carry strap &amp; Grab handle with metal hooks covered by tubes of neoprene to protect the surface of the board.<\/li>\n<li>Loops to attach the leash plugs in the board with the hooks for\u00a0Yster SUP 12\u20196x 29\u201d Naked Carbon, Yster SUP 12\u20196x 29\u201d All Wood och Yster SUP 12\u20196x 30\u201d Wood Front.<\/li>\n<li>Manual.<\/li>\n<\/ul>\n<p>&nbsp;<br \/>\n[\/et_pb_text][\/et_pb_column][\/et_pb_row][\/et_pb_section][et_pb_section fb_built=&#8221;1&#8243; fullwidth=&#8221;on&#8221; _builder_version=&#8221;3.22&#8243;][et_pb_fullwidth_slider show_arrows=&#8221;off&#8221; show_pagination=&#8221;off&#8221; show_content_on_mobile=&#8221;off&#8221; show_cta_on_mobile=&#8221;off&#8221; admin_label=&#8221;Bildspel&#8221; _builder_version=&#8221;3.16&#8243; background_position=&#8221;top_left&#8221; custom_padding=&#8221;200px||200px|&#8221; custom_padding_tablet=&#8221;|||&#8221; top_padding=&#8221;200px&#8221; bottom_padding=&#8221;200px&#8221; remove_inner_shadow=&#8221;off&#8221; hide_content_on_mobile=&#8221;off&#8221; hide_cta_on_mobile=&#8221;off&#8221; show_inner_shadow=&#8221;off&#8221; button_letter_spacing_hover=&#8221;0&#8243; button_text_size__hover_enabled=&#8221;off&#8221; button_one_text_size__hover_enabled=&#8221;off&#8221; button_two_text_size__hover_enabled=&#8221;off&#8221; button_text_color__hover_enabled=&#8221;off&#8221; button_one_text_color__hover_enabled=&#8221;off&#8221; button_two_text_color__hover_enabled=&#8221;off&#8221; button_border_width__hover_enabled=&#8221;off&#8221; button_one_border_width__hover_enabled=&#8221;off&#8221; button_two_border_width__hover_enabled=&#8221;off&#8221; button_border_color__hover_enabled=&#8221;off&#8221; button_one_border_color__hover_enabled=&#8221;off&#8221; button_two_border_color__hover_enabled=&#8221;off&#8221; button_border_radius__hover_enabled=&#8221;off&#8221; button_one_border_radius__hover_enabled=&#8221;off&#8221; button_two_border_radius__hover_enabled=&#8221;off&#8221; button_letter_spacing__hover_enabled=&#8221;on&#8221; button_letter_spacing__hover=&#8221;0&#8243; button_one_letter_spacing__hover_enabled=&#8221;off&#8221; button_two_letter_spacing__hover_enabled=&#8221;off&#8221; button_bg_color__hover_enabled=&#8221;off&#8221; button_one_bg_color__hover_enabled=&#8221;off&#8221; button_two_bg_color__hover_enabled=&#8221;off&#8221;][et_pb_slide use_bg_overlay=&#8221;off&#8221; use_text_overlay=&#8221;off&#8221; _builder_version=&#8221;3.16&#8243; header_font=&#8221;||||&#8221; header_text_align=&#8221;left&#8221; body_font=&#8221;||||&#8221; body_text_align=&#8221;left&#8221; background_color=&#8221;#ffffff&#8221; background_image=&#8221;https:\/\/ystersup.com\/wp-content\/uploads\/2018\/12\/BoZh2oqFlGk.png&#8221; background_position=&#8221;top_left&#8221; background_blend=&#8221;darken&#8221; button_icon_placement=&#8221;right&#8221; button_on_hover=&#8221;on&#8221; button_alignment=&#8221;left&#8221; text_orientation=&#8221;left&#8221; button_text_size__hover_enabled=&#8221;off&#8221; button_one_text_size__hover_enabled=&#8221;off&#8221; button_two_text_size__hover_enabled=&#8221;off&#8221; button_text_color__hover_enabled=&#8221;off&#8221; button_one_text_color__hover_enabled=&#8221;off&#8221; button_two_text_color__hover_enabled=&#8221;off&#8221; button_border_width__hover_enabled=&#8221;off&#8221; button_one_border_width__hover_enabled=&#8221;off&#8221; button_two_border_width__hover_enabled=&#8221;off&#8221; button_border_color__hover_enabled=&#8221;off&#8221; button_one_border_color__hover_enabled=&#8221;off&#8221; button_two_border_color__hover_enabled=&#8221;off&#8221; button_border_radius__hover_enabled=&#8221;off&#8221; button_one_border_radius__hover_enabled=&#8221;off&#8221; button_two_border_radius__hover_enabled=&#8221;off&#8221; button_letter_spacing__hover_enabled=&#8221;off&#8221; button_one_letter_spacing__hover_enabled=&#8221;off&#8221; button_two_letter_spacing__hover_enabled=&#8221;off&#8221; button_bg_color__hover_enabled=&#8221;off&#8221; button_one_bg_color__hover_enabled=&#8221;off&#8221; button_two_bg_color__hover_enabled=&#8221;off&#8221; sticky_transition=&#8221;on&#8221;][\/et_pb_slide][\/et_pb_fullwidth_slider][\/et_pb_section]<\/p>\n","protected":false},"excerpt":{"rendered":"<p>A combined carry strap and grab handle that hooks straight into your Yster SUP board. The strap saves your arms and hands and\u00a0is a welcoming aid if you would fall off your board.<\/p>\n","protected":false},"featured_media":1321,"comment_status":"open","ping_status":"closed","template":"","meta":{"_et_pb_use_builder":"on","_et_pb_old_content":"[et_pb_section bb_built=\"1\" admin_label=\"section\"][et_pb_row admin_label=\"row\"][et_pb_column type=\"2_3\"][et_pb_text admin_label=\"Produktbeskrivning\" background_layout=\"light\" text_orientation=\"left\" use_border_color=\"off\" border_color=\"#ffffff\" border_style=\"solid\"]\r\n<h2>Yster 9\" Straight-line Tracking Flat Water SUP Fena<\/h2>\r\n<h4>F\u00f6r maximal kursstabilitet<\/h4>\r\nEgenskaper:\r\n<ul>\r\n \t<li>SUP-fenans stora horisontella m\u00e5tt samt fenans lutning g\u00f6r att kraften som vill vrida SUP-br\u00e4dan vid paddling minskar vilket \u00f6kar\u00a0kursstabiliteten.<\/li>\r\n \t<li>Fenans lutning f\u00f6rhindrar sj\u00f6gr\u00e4s fr\u00e5n att fastna.<\/li>\r\n \t<li>Passar alla Ysters br\u00e4dor - b\u00e5de h\u00e5rda och uppbl\u00e5sbara br\u00e4dor.<\/li>\r\n \t<li>Passar andra br\u00e4dor med Standard Future Finbox.<\/li>\r\n<\/ul>\r\n[\/et_pb_text][\/et_pb_column][et_pb_column type=\"1_3\"][et_pb_text admin_label=\"Specifikationer\" background_layout=\"light\" text_orientation=\"left\" use_border_color=\"off\" border_color=\"#ffffff\" border_style=\"solid\" background_color=\"#f4f4f4\" custom_padding=\"25px|25px|25px|25px\" disabled_on=\"off|off|off\" disabled=\"off\"]\r\n<h6><strong>I leveransen:<\/strong><\/h6>\r\n<ul>\r\n \t<li>9\" Fena.<\/li>\r\n \t<li>Fodral i EVA.<\/li>\r\n \t<li>Skruv och l\u00e5smutter.<\/li>\r\n<\/ul>\r\n<h6><strong>Teknisk specifikation:<\/strong><\/h6>\r\n<ul>\r\n \t<li>Konstruktion: Semitransparent glasfiber med struktur.<\/li>\r\n<\/ul>\r\n[\/et_pb_text][\/et_pb_column][\/et_pb_row][\/et_pb_section][et_pb_section bb_built=\"1\" admin_label=\"Sektion\" fullwidth=\"on\" specialty=\"off\"][et_pb_fullwidth_slider admin_label=\"Bildspel\" show_arrows=\"on\" show_pagination=\"on\" auto=\"off\" auto_ignore_hover=\"off\" parallax=\"off\" parallax_method=\"off\" remove_inner_shadow=\"off\" background_position=\"default\" background_size=\"default\" hide_content_on_mobile=\"off\" hide_cta_on_mobile=\"off\" show_image_video_mobile=\"off\" custom_button=\"off\" button_letter_spacing=\"0\" button_use_icon=\"default\" button_icon_placement=\"right\" button_on_hover=\"on\" button_letter_spacing_hover=\"0\" top_padding=\"200px\" bottom_padding=\"200px\"] [et_pb_slide background_image=\"https:\/\/ystersup.com\/wp-content\/uploads\/2016\/06\/Yster-SUP-Carbon-126-kopia-e1465038251264.jpg\" background_position=\"default\" background_size=\"default\" background_color=\"#ffffff\" use_bg_overlay=\"off\" use_text_overlay=\"off\" alignment=\"center\" background_layout=\"dark\" allow_player_pause=\"off\" text_border_radius=\"3\" header_font_select=\"default\" header_font=\"||||\" body_font_select=\"default\" body_font=\"||||\" custom_button=\"off\" button_font_select=\"default\" button_font=\"||||\" button_use_icon=\"default\" button_icon_placement=\"right\" button_on_hover=\"on\"] [\/et_pb_slide] [\/et_pb_fullwidth_slider][\/et_pb_section]","_et_gb_content_width":""},"product_brand":[],"product_cat":[28],"product_tag":[],"yst_prominent_words":[],"class_list":{"0":"post-1357","1":"product","2":"type-product","3":"status-publish","4":"has-post-thumbnail","6":"product_cat-sup-accessories","7":"product_shipping_class-parcel-en-2","9":"first","10":"outofstock","11":"downloadable","12":"taxable","13":"shipping-taxable","14":"purchasable","15":"product-type-simple"},"jetpack_sharing_enabled":true,"_links":{"self":[{"href":"https:\/\/ystersup.com\/en\/wp-json\/wp\/v2\/product\/1357","targetHints":{"allow":["GET"]}}],"collection":[{"href":"https:\/\/ystersup.com\/en\/wp-json\/wp\/v2\/product"}],"about":[{"href":"https:\/\/ystersup.com\/en\/wp-json\/wp\/v2\/types\/product"}],"replies":[{"embeddable":true,"href":"https:\/\/ystersup.com\/en\/wp-json\/wp\/v2\/comments?post=1357"}],"wp:featuredmedia":[{"embeddable":true,"href":"https:\/\/ystersup.com\/en\/wp-json\/wp\/v2\/media\/1321"}],"wp:attachment":[{"href":"https:\/\/ystersup.com\/en\/wp-json\/wp\/v2\/media?parent=1357"}],"wp:term":[{"taxonomy":"product_brand","embeddable":true,"href":"https:\/\/ystersup.com\/en\/wp-json\/wp\/v2\/product_brand?post=1357"},{"taxonomy":"product_cat","embeddable":true,"href":"https:\/\/ystersup.com\/en\/wp-json\/wp\/v2\/product_cat?post=1357"},{"taxonomy":"product_tag","embeddable":true,"href":"https:\/\/ystersup.com\/en\/wp-json\/wp\/v2\/product_tag?post=1357"},{"taxonomy":"yst_prominent_words","embeddable":true,"href":"https:\/\/ystersup.com\/en\/wp-json\/wp\/v2\/yst_prominent_words?post=1357"}],"curies":[{"name":"wp","href":"https:\/\/api.w.org\/{rel}","templated":true}]}}