{"id":2013,"date":"2019-07-04T12:27:40","date_gmt":"2019-07-04T10:27:40","guid":{"rendered":"https:\/\/ystersup.com\/?post_type=product&#038;p=2013"},"modified":"2025-05-21T15:30:32","modified_gmt":"2025-05-21T13:30:32","slug":"yster-sup-rail-tape-89-mm","status":"publish","type":"product","link":"https:\/\/ystersup.com\/en\/product\/yster-sup-rail-tape-89-mm\/","title":{"rendered":"Yster SUP Rail Tape 89 mm"},"content":{"rendered":"<p>[et_pb_section bb_built=&#8221;1&#8243; admin_label=&#8221;section&#8221; _builder_version=&#8221;3.0.47&#8243; next_background_color=&#8221;#000000&#8243;][et_pb_row admin_label=&#8221;row&#8221; _builder_version=&#8221;3.0.47&#8243; background_size=&#8221;initial&#8221; background_position=&#8221;top_left&#8221; background_repeat=&#8221;repeat&#8221; _i=&#8221;0&#8243; _address=&#8221;0.0&#8243;][et_pb_column type=&#8221;2_3&#8243;][et_pb_text admin_label=&#8221;Produktbeskrivning&#8221; _builder_version=&#8221;3.19.18&#8243; background_size=&#8221;initial&#8221; background_position=&#8221;top_left&#8221; background_repeat=&#8221;repeat&#8221; module_alignment=&#8221;left&#8221;]<\/p>\n<h2>Yster SUP Rail Tape 89 mm<\/h2>\n<h4>Protect your SUP board from scratches and dings.<\/h4>\n<p>No matter how careful you are, sooner or later your board will bump into something e.g. a dock or rocks. Also, cargo belts can cause scratches, especially if there is mud or sand between the belt and board.<\/p>\n<p>Although our paddles have an edge of damping ABS plastic, the paddle will inevitably leave marks on the rails. These scratches and marks do not affect the performance of the SUP board, but you most certainly want your Yster board to keep its lustre.<\/p>\n<p>The rail tape also protects against impacts and shocks. The rail tape has a damping effect which absorbs shocks which in turn prevents dings.<\/p>\n<p>The rail tape is available in two sizes 6.4 x 190 cm and 8.9 x 190 cm.<\/p>\n<p>[\/et_pb_text][\/et_pb_column][et_pb_column type=&#8221;1_3&#8243;][et_pb_text admin_label=&#8221;Specifikationer&#8221; disabled_on=&#8221;off|off|off&#8221; _builder_version=&#8221;3.19.18&#8243; background_color=&#8221;#f4f4f4&#8243; background_size=&#8221;initial&#8221; background_position=&#8221;top_left&#8221; background_repeat=&#8221;repeat&#8221; module_alignment=&#8221;left&#8221; custom_padding=&#8221;25px|25px|25px|25px&#8221;]<\/p>\n<h6><strong>Specification:<\/strong><\/h6>\n<ul>\n<li>Yster SUP Rail Tape 6.4 x 190 cm<\/li>\n<li>Clear, transparent<\/li>\n<li>Tapered ends<\/li>\n<\/ul>\n<p>[\/et_pb_text][\/et_pb_column][\/et_pb_row][\/et_pb_section][et_pb_section bb_built=&#8221;1&#8243; fullwidth=&#8221;on&#8221; _builder_version=&#8221;3.0.47&#8243; prev_background_color=&#8221;#000000&#8243;][et_pb_fullwidth_slider admin_label=&#8221;Bildspel&#8221; _builder_version=&#8221;3.19.18&#8243; background_position=&#8221;top_left&#8221; custom_padding=&#8221;200px||200px|&#8221; custom_padding_tablet=&#8221;|||&#8221; show_content_on_mobile=&#8221;off&#8221; show_cta_on_mobile=&#8221;off&#8221; show_arrows=&#8221;off&#8221; show_pagination=&#8221;off&#8221; box_shadow_horizontal=&#8221;0px&#8221; box_shadow_vertical=&#8221;0px&#8221; box_shadow_blur=&#8221;10px&#8221; box_shadow_spread=&#8221;0px&#8221; box_shadow_position=&#8221;inner&#8221; box_shadow_color=&#8221;rgba(0,0,0,0.1)&#8221; button_text_size__hover_enabled=&#8221;off&#8221; button_text_size__hover=&#8221;null&#8221; button_one_text_size__hover_enabled=&#8221;off&#8221; button_one_text_size__hover=&#8221;null&#8221; button_two_text_size__hover_enabled=&#8221;off&#8221; button_two_text_size__hover=&#8221;null&#8221; button_text_color__hover_enabled=&#8221;off&#8221; button_text_color__hover=&#8221;null&#8221; button_one_text_color__hover_enabled=&#8221;off&#8221; button_one_text_color__hover=&#8221;null&#8221; button_two_text_color__hover_enabled=&#8221;off&#8221; button_two_text_color__hover=&#8221;null&#8221; button_border_width__hover_enabled=&#8221;off&#8221; button_border_width__hover=&#8221;null&#8221; button_one_border_width__hover_enabled=&#8221;off&#8221; button_one_border_width__hover=&#8221;null&#8221; button_two_border_width__hover_enabled=&#8221;off&#8221; button_two_border_width__hover=&#8221;null&#8221; button_border_color__hover_enabled=&#8221;off&#8221; button_border_color__hover=&#8221;null&#8221; button_one_border_color__hover_enabled=&#8221;off&#8221; button_one_border_color__hover=&#8221;null&#8221; button_two_border_color__hover_enabled=&#8221;off&#8221; button_two_border_color__hover=&#8221;null&#8221; button_border_radius__hover_enabled=&#8221;off&#8221; button_border_radius__hover=&#8221;null&#8221; button_one_border_radius__hover_enabled=&#8221;off&#8221; button_one_border_radius__hover=&#8221;null&#8221; button_two_border_radius__hover_enabled=&#8221;off&#8221; button_two_border_radius__hover=&#8221;null&#8221; button_letter_spacing__hover_enabled=&#8221;on&#8221; button_letter_spacing__hover=&#8221;0&#8243; button_one_letter_spacing__hover_enabled=&#8221;off&#8221; button_one_letter_spacing__hover=&#8221;null&#8221; button_two_letter_spacing__hover_enabled=&#8221;off&#8221; button_two_letter_spacing__hover=&#8221;null&#8221; button_bg_color__hover_enabled=&#8221;off&#8221; button_bg_color__hover=&#8221;null&#8221; button_one_bg_color__hover_enabled=&#8221;off&#8221; button_one_bg_color__hover=&#8221;null&#8221; button_two_bg_color__hover_enabled=&#8221;off&#8221; button_two_bg_color__hover=&#8221;null&#8221; \/][\/et_pb_section]<\/p>\n","protected":false},"excerpt":{"rendered":"<p>Protect your SUP board from scratches and dings. Suitable for boards greater than 6 inch thickness.<\/p>\n","protected":false},"featured_media":2009,"comment_status":"open","ping_status":"closed","template":"","meta":{"_et_pb_use_builder":"on","_et_pb_old_content":"<p>[et_pb_section bb_built=\"1\" admin_label=\"section\"][et_pb_row admin_label=\"row\"][et_pb_column type=\"2_3\"][et_pb_text admin_label=\"Produktbeskrivning\" background_layout=\"light\" text_orientation=\"left\" use_border_color=\"off\" border_color=\"#ffffff\" border_style=\"solid\"]<\/p><h2>Yster 9\" Straight-line Tracking Flat Water SUP Fena<\/h2><h4>F\u00f6r maximal kursstabilitet<\/h4><p>Egenskaper:<\/p><ul><li>SUP-fenans stora horisontella m\u00e5tt samt fenans lutning g\u00f6r att kraften som vill vrida SUP-br\u00e4dan vid paddling minskar vilket \u00f6kar\u00a0kursstabiliteten.<\/li><li>Fenans lutning f\u00f6rhindrar sj\u00f6gr\u00e4s fr\u00e5n att fastna.<\/li><li>Passar alla Ysters br\u00e4dor - b\u00e5de h\u00e5rda och uppbl\u00e5sbara br\u00e4dor.<\/li><li>Passar andra br\u00e4dor med Standard Future Finbox.<\/li><\/ul><p>[\/et_pb_text][\/et_pb_column][et_pb_column type=\"1_3\"][et_pb_text admin_label=\"Specifikationer\" background_layout=\"light\" text_orientation=\"left\" use_border_color=\"off\" border_color=\"#ffffff\" border_style=\"solid\" background_color=\"#f4f4f4\" custom_padding=\"25px|25px|25px|25px\" disabled_on=\"off|off|off\" disabled=\"off\"]<\/p><h6><strong>I leveransen:<\/strong><\/h6><ul><li>9\" Fena.<\/li><li>Fodral i EVA.<\/li><li>Skruv och l\u00e5smutter.<\/li><\/ul><h6><strong>Teknisk specifikation:<\/strong><\/h6><ul><li>Konstruktion: Semitransparent glasfiber med struktur.<\/li><\/ul><p>[\/et_pb_text][\/et_pb_column][\/et_pb_row][\/et_pb_section][et_pb_section bb_built=\"1\" admin_label=\"Sektion\" fullwidth=\"on\" specialty=\"off\"][et_pb_fullwidth_slider admin_label=\"Bildspel\" show_arrows=\"on\" show_pagination=\"on\" auto=\"off\" auto_ignore_hover=\"off\" parallax=\"off\" parallax_method=\"off\" remove_inner_shadow=\"off\" background_position=\"default\" background_size=\"default\" hide_content_on_mobile=\"off\" hide_cta_on_mobile=\"off\" show_image_video_mobile=\"off\" custom_button=\"off\" button_letter_spacing=\"0\" button_use_icon=\"default\" button_icon_placement=\"right\" button_on_hover=\"on\" button_letter_spacing_hover=\"0\" top_padding=\"200px\" bottom_padding=\"200px\"] [et_pb_slide background_image=\"https:\/\/ystersup.com\/wp-content\/uploads\/2016\/06\/Yster-SUP-Carbon-126-kopia-e1465038251264.jpg\" background_position=\"default\" background_size=\"default\" background_color=\"#ffffff\" use_bg_overlay=\"off\" use_text_overlay=\"off\" alignment=\"center\" background_layout=\"dark\" allow_player_pause=\"off\" text_border_radius=\"3\" header_font_select=\"default\" header_font=\"||||\" body_font_select=\"default\" body_font=\"||||\" custom_button=\"off\" button_font_select=\"default\" button_font=\"||||\" button_use_icon=\"default\" button_icon_placement=\"right\" button_on_hover=\"on\"] [\/et_pb_slide] [\/et_pb_fullwidth_slider][\/et_pb_section]<\/p>","_et_gb_content_width":""},"product_brand":[],"product_cat":[28],"product_tag":[],"yst_prominent_words":[],"class_list":{"0":"post-2013","1":"product","2":"type-product","3":"status-publish","4":"has-post-thumbnail","6":"product_cat-sup-accessories","7":"product_shipping_class-paket-en","9":"first","10":"instock","11":"taxable","12":"shipping-taxable","13":"purchasable","14":"product-type-simple"},"jetpack_sharing_enabled":true,"_links":{"self":[{"href":"https:\/\/ystersup.com\/en\/wp-json\/wp\/v2\/product\/2013","targetHints":{"allow":["GET"]}}],"collection":[{"href":"https:\/\/ystersup.com\/en\/wp-json\/wp\/v2\/product"}],"about":[{"href":"https:\/\/ystersup.com\/en\/wp-json\/wp\/v2\/types\/product"}],"replies":[{"embeddable":true,"href":"https:\/\/ystersup.com\/en\/wp-json\/wp\/v2\/comments?post=2013"}],"wp:featuredmedia":[{"embeddable":true,"href":"https:\/\/ystersup.com\/en\/wp-json\/wp\/v2\/media\/2009"}],"wp:attachment":[{"href":"https:\/\/ystersup.com\/en\/wp-json\/wp\/v2\/media?parent=2013"}],"wp:term":[{"taxonomy":"product_brand","embeddable":true,"href":"https:\/\/ystersup.com\/en\/wp-json\/wp\/v2\/product_brand?post=2013"},{"taxonomy":"product_cat","embeddable":true,"href":"https:\/\/ystersup.com\/en\/wp-json\/wp\/v2\/product_cat?post=2013"},{"taxonomy":"product_tag","embeddable":true,"href":"https:\/\/ystersup.com\/en\/wp-json\/wp\/v2\/product_tag?post=2013"},{"taxonomy":"yst_prominent_words","embeddable":true,"href":"https:\/\/ystersup.com\/en\/wp-json\/wp\/v2\/yst_prominent_words?post=2013"}],"curies":[{"name":"wp","href":"https:\/\/api.w.org\/{rel}","templated":true}]}}