{"id":3606,"date":"2020-08-24T20:29:53","date_gmt":"2020-08-24T18:29:53","guid":{"rendered":"https:\/\/ystersup.com\/?post_type=product&#038;p=3606"},"modified":"2021-05-05T11:14:34","modified_gmt":"2021-05-05T09:14:34","slug":"yster-sup-paddle-variable-3-piece-full-carbon-medium-flex-95-used","status":"publish","type":"product","link":"https:\/\/ystersup.com\/en\/product\/yster-sup-paddle-variable-3-piece-full-carbon-medium-flex-95-used\/","title":{"rendered":"Yster SUP Paddle Variable 3-piece Full Carbon Medium Flex 95 &#8211; Used"},"content":{"rendered":"<p>[et_pb_section bb_built=&#8221;1&#8243; admin_label=&#8221;section&#8221;][et_pb_row admin_label=&#8221;row&#8221; background_position=&#8221;top_left&#8221; background_repeat=&#8221;repeat&#8221; background_size=&#8221;initial&#8221;][et_pb_column type=&#8221;2_3&#8243;][et_pb_text admin_label=&#8221;Produktbeskrivning&#8221; background_layout=&#8221;light&#8221; border_style=&#8221;solid&#8221; module_alignment=&#8221;left&#8221; background_position=&#8221;top_left&#8221; background_repeat=&#8221;repeat&#8221; background_size=&#8221;initial&#8221; _builder_version=&#8221;3.0.74&#8243;]<\/p>\n<p>&nbsp;<\/p>\n<h2>SUP Paddle Variable 3-piece Full Carbon Medium Flex 95<\/h2>\n<h4>Do not compromise. Performance carbon fiber paddle for ISUPs.<\/h4>\n<p>Characteristics<\/p>\n<ul>\n<li>Three-piece paddle &#8211; slides perfectly into the side pocket of Yster ISUP backpack.<\/li>\n<li>Ergonomic carbon fiber handle.<\/li>\n<li>100% 12K carbon fiber medium flex shaft.<\/li>\n<li>100% 3K carbon fiber\u00a0blade.<\/li>\n<li>Dihedral blade design\u00a0for optimum water flow around the blade. This prevents the blade from wobbling.<\/li>\n<li>Easy length adjustment with quick clamp.<\/li>\n<li>Anti-twist quick clamp prevents the blade from twisting in relation to the shaft when paddling.<\/li>\n<li>Double Bolt clamp for an extra secure length adjustment grip.<\/li>\n<li>Extension piece with cm markings make it easy to find your favorite length.<\/li>\n<li>Integrated blade\u00a0protection in durable ABS plastic, which protects the blade edge from damages.<\/li>\n<li>Matt finish.<\/li>\n<\/ul>\n<p>&nbsp;<\/p>\n<p>[\/et_pb_text][\/et_pb_column][et_pb_column type=&#8221;1_3&#8243;][et_pb_text admin_label=&#8221;Specifikationer&#8221; background_layout=&#8221;light&#8221; border_style=&#8221;solid&#8221; background_color=&#8221;#f4f4f4&#8243; custom_padding=&#8221;25px|25px|25px|25px&#8221; module_alignment=&#8221;left&#8221; background_position=&#8221;top_left&#8221; background_repeat=&#8221;repeat&#8221; background_size=&#8221;initial&#8221; _builder_version=&#8221;3.0.74&#8243;]<\/p>\n<p><strong>Data<\/strong><\/p>\n<ul>\n<li>Length: 93-228 cm<\/li>\n<li>Blade size: 95 sq in \/ 613 cm2<\/li>\n<li>Blade length \/ width: 43.1\/ 18.5 cm<\/li>\n<li>Blade angle: 10 degrees<\/li>\n<li>Weight: 0.67 kg<\/li>\n<\/ul>\n<p>[\/et_pb_text][\/et_pb_column][\/et_pb_row][\/et_pb_section][et_pb_section bb_built=&#8221;1&#8243; fullwidth=&#8221;on&#8221; specialty=&#8221;off&#8221;][et_pb_fullwidth_slider admin_label=&#8221;Bildspel&#8221; show_arrows=&#8221;on&#8221; show_pagination=&#8221;on&#8221; remove_inner_shadow=&#8221;off&#8221; background_position=&#8221;top_left&#8221; hide_content_on_mobile=&#8221;off&#8221; hide_cta_on_mobile=&#8221;off&#8221; show_image_video_mobile=&#8221;off&#8221; custom_button=&#8221;off&#8221; button_letter_spacing=&#8221;0&#8243; button_icon_placement=&#8221;right&#8221; button_letter_spacing_hover=&#8221;0&#8243; top_padding=&#8221;200px&#8221; bottom_padding=&#8221;200px&#8221; custom_padding=&#8221;200px||200px|&#8221; show_inner_shadow=&#8221;off&#8221; show_content_on_mobile=&#8221;off&#8221; show_cta_on_mobile=&#8221;off&#8221; custom_padding_tablet=&#8221;|||&#8221; _builder_version=&#8221;3.0.74&#8243;] [et_pb_slide background_image=&#8221;https:\/\/ystersup.com\/wp-content\/uploads\/2017\/07\/Foto-2017-07-19-21-14-39.jpg&#8221; background_position=&#8221;top_left&#8221; background_size=&#8221;cover&#8221; background_color=&#8221;#ffffff&#8221; use_bg_overlay=&#8221;off&#8221; use_text_overlay=&#8221;off&#8221; alignment=&#8221;center&#8221; background_layout=&#8221;dark&#8221; allow_player_pause=&#8221;off&#8221; text_border_radius=&#8221;3&#8243; header_font_select=&#8221;default&#8221; header_font=&#8221;||||&#8221; body_font_select=&#8221;default&#8221; body_font=&#8221;||||&#8221; custom_button=&#8221;off&#8221; button_font_select=&#8221;default&#8221; button_font=&#8221;||||&#8221; button_use_icon=&#8221;on&#8221; button_icon_placement=&#8221;right&#8221; button_on_hover=&#8221;on&#8221; _builder_version=&#8221;3.0.74&#8243; use_background_color_gradient=&#8221;off&#8221; background_color_gradient_start=&#8221;#2b87da&#8221; background_color_gradient_end=&#8221;#29c4a9&#8243; background_color_gradient_type=&#8221;linear&#8221; background_color_gradient_direction=&#8221;180deg&#8221; background_color_gradient_direction_radial=&#8221;center&#8221; background_color_gradient_start_position=&#8221;0%&#8221; background_color_gradient_end_position=&#8221;100%&#8221; parallax=&#8221;off&#8221; parallax_method=&#8221;on&#8221; background_repeat=&#8221;no-repeat&#8221; background_blend=&#8221;normal&#8221; text_orientation=&#8221;left&#8221; header_text_align=&#8221;left&#8221; body_text_align=&#8221;left&#8221; button_bg_use_color_gradient=&#8221;off&#8221; button_bg_color_gradient_start=&#8221;#2b87da&#8221; button_bg_color_gradient_end=&#8221;#29c4a9&#8243; button_bg_color_gradient_type=&#8221;linear&#8221; button_bg_color_gradient_direction_radial=&#8221;center&#8221; button_bg_size=&#8221;cover&#8221; button_bg_position=&#8221;center&#8221; button_bg_repeat=&#8221;no-repeat&#8221; button_bg_blend=&#8221;normal&#8221; button_alignment=&#8221;left&#8221; \/] [\/et_pb_fullwidth_slider][\/et_pb_section]<\/p>\n","protected":false},"excerpt":{"rendered":"<p>Yster\u00a0SUP Paddle Variable 3-piece Full Carbon Medium Flex 95 is designed so that you do not have\u00a0to compromise on performance when traveling with your ISUP. Fits perfectly in Yster ISUP backpack.<\/p>\n<div class=\"woocommerce-product-details__short-description\">\n<blockquote><p>An affordable used 3-piece full carbon paddle. Local pick up.<\/p><\/blockquote>\n<\/div>\n","protected":false},"featured_media":1507,"comment_status":"open","ping_status":"closed","template":"","meta":{"_et_pb_use_builder":"on","_et_pb_old_content":"<p>[et_pb_section bb_built=\"1\" admin_label=\"section\"][et_pb_row admin_label=\"row\"][et_pb_column type=\"2_3\"][et_pb_text admin_label=\"Produktbeskrivning\" background_layout=\"light\" text_orientation=\"left\" use_border_color=\"off\" border_color=\"#ffffff\" border_style=\"solid\"]<\/p><h2>SUP Paddle Variable 2-piece Full Carbon Medium Flex 95<\/h2><h4>Performance SUP paddel i 100% kolfiber<\/h4><p><strong>Egenskaper<\/strong><\/p><ul><li>T-grepp i kolfiber\u00a0f\u00f6r perfekt grepp.<\/li><li>100% 3K twill carbon medium flex skaft.<\/li><li>100% 3K twill blad.<\/li><li>Dihedral baksida f\u00f6r optimalt vattenstr\u00f6mning runt bladet. Detta g\u00f6r bladet v\u00e4ldigt f\u00f6ljsamt i vattnet s\u00e5 att det inte wobblar.<\/li><li>L\u00e4tt l\u00e4ngdjustering med snabbkoppling.<\/li><\/ul><ul><li>Anti-twist snabbkoppling g\u00f6r att bladet och T-grepp inte vrids i f\u00f6rh\u00e5llande till varandra vid paddling.<\/li><li>Dubbelbultkoppling f\u00f6r extra s\u00e4ker l\u00e4ngdjusteringsgrepp.<\/li><li>Vit f\u00f6rl\u00e4ngningsdel med cm gradering vilket underl\u00e4ttar att hitta dina favoritinst\u00e4llningar.<\/li><li>Integrerat vitt kantskydd i slagt\u00e5lig ABS-plast som skyddar bladets kanter mot st\u00f6tar.<\/li><li>Matt finish.<\/li><\/ul><p>[\/et_pb_text][\/et_pb_column][et_pb_column type=\"1_3\"][et_pb_text admin_label=\"Specifikationer\" background_layout=\"light\" text_orientation=\"left\" use_border_color=\"off\" border_color=\"#ffffff\" border_style=\"solid\" background_color=\"#f4f4f4\" custom_padding=\"25px|25px|25px|25px\"]<\/p><p><strong>Data<\/strong><\/p><ul><li>L\u00e4ngd: 173-228 cm<\/li><li>Bladarea: 95 sq in \/ 613 cm2<\/li><li>Blad l\u00e4ngd\/bredd: 47.5\/ 19.8 cm<\/li><li>Bladvinkel: 8 grader<\/li><li>Vikt: 0.72 kg<\/li><\/ul><p>[\/et_pb_text][\/et_pb_column][\/et_pb_row][\/et_pb_section][et_pb_section bb_built=\"1\" admin_label=\"Sektion\" fullwidth=\"on\" specialty=\"off\"][et_pb_fullwidth_slider admin_label=\"Bildspel\" show_arrows=\"on\" show_pagination=\"on\" auto=\"off\" auto_ignore_hover=\"off\" parallax=\"off\" parallax_method=\"off\" remove_inner_shadow=\"off\" background_position=\"default\" background_size=\"default\" hide_content_on_mobile=\"off\" hide_cta_on_mobile=\"off\" show_image_video_mobile=\"off\" custom_button=\"off\" button_letter_spacing=\"0\" button_use_icon=\"default\" button_icon_placement=\"right\" button_on_hover=\"on\" button_letter_spacing_hover=\"0\" top_padding=\"200px\" bottom_padding=\"200px\"] [et_pb_slide background_image=\"https:\/\/ystersup.com\/wp-content\/uploads\/2016\/06\/sup-14x28-carbon-01-header.jpg\" background_position=\"default\" background_size=\"default\" background_color=\"#ffffff\" use_bg_overlay=\"off\" use_text_overlay=\"off\" alignment=\"center\" background_layout=\"dark\" allow_player_pause=\"off\" text_border_radius=\"3\" header_font_select=\"default\" header_font=\"||||\" body_font_select=\"default\" body_font=\"||||\" custom_button=\"off\" button_font_select=\"default\" button_font=\"||||\" button_use_icon=\"default\" button_icon_placement=\"right\" button_on_hover=\"on\"] [\/et_pb_slide] [\/et_pb_fullwidth_slider][\/et_pb_section]<\/p>","_et_gb_content_width":""},"product_brand":[],"product_cat":[91],"product_tag":[],"yst_prominent_words":[],"class_list":{"0":"post-3606","1":"product","2":"type-product","3":"status-publish","4":"has-post-thumbnail","6":"product_cat-used-sup-boards","7":"product_shipping_class-local-pick-up","9":"first","10":"outofstock","11":"sale","12":"taxable","13":"shipping-taxable","14":"purchasable","15":"product-type-simple"},"jetpack_sharing_enabled":true,"_links":{"self":[{"href":"https:\/\/ystersup.com\/en\/wp-json\/wp\/v2\/product\/3606","targetHints":{"allow":["GET"]}}],"collection":[{"href":"https:\/\/ystersup.com\/en\/wp-json\/wp\/v2\/product"}],"about":[{"href":"https:\/\/ystersup.com\/en\/wp-json\/wp\/v2\/types\/product"}],"replies":[{"embeddable":true,"href":"https:\/\/ystersup.com\/en\/wp-json\/wp\/v2\/comments?post=3606"}],"wp:featuredmedia":[{"embeddable":true,"href":"https:\/\/ystersup.com\/en\/wp-json\/wp\/v2\/media\/1507"}],"wp:attachment":[{"href":"https:\/\/ystersup.com\/en\/wp-json\/wp\/v2\/media?parent=3606"}],"wp:term":[{"taxonomy":"product_brand","embeddable":true,"href":"https:\/\/ystersup.com\/en\/wp-json\/wp\/v2\/product_brand?post=3606"},{"taxonomy":"product_cat","embeddable":true,"href":"https:\/\/ystersup.com\/en\/wp-json\/wp\/v2\/product_cat?post=3606"},{"taxonomy":"product_tag","embeddable":true,"href":"https:\/\/ystersup.com\/en\/wp-json\/wp\/v2\/product_tag?post=3606"},{"taxonomy":"yst_prominent_words","embeddable":true,"href":"https:\/\/ystersup.com\/en\/wp-json\/wp\/v2\/yst_prominent_words?post=3606"}],"curies":[{"name":"wp","href":"https:\/\/api.w.org\/{rel}","templated":true}]}}