{"id":437,"date":"2016-06-07T10:06:40","date_gmt":"2016-09-18T14:47:12","guid":{"rendered":"https:\/\/ystersup.com\/?post_type=product&#038;p=437&#038;lang=en"},"modified":"2021-05-28T19:43:23","modified_gmt":"2021-05-28T17:43:23","slug":"yster-sup-126x-29-wood","status":"publish","type":"product","link":"https:\/\/ystersup.com\/en\/product\/yster-sup-126x-29-wood\/","title":{"rendered":"Yster SUP 12&#8217;6&#8243;x 29&#8243; All wood"},"content":{"rendered":"<p>[et_pb_section fb_built=&#8221;1&#8243; admin_label=&#8221;section&#8221; _builder_version=&#8221;3.22&#8243;][et_pb_row admin_label=&#8221;row&#8221; _builder_version=&#8221;3.25&#8243; background_size=&#8221;initial&#8221; background_position=&#8221;top_left&#8221; background_repeat=&#8221;repeat&#8221; column_structure=&#8221;2_3,1_3&#8243;][et_pb_column type=&#8221;2_3&#8243; _builder_version=&#8221;3.0.47&#8243; custom_padding=&#8221;|||&#8221; custom_padding__hover=&#8221;|||&#8221;][et_pb_text admin_label=&#8221;Produktbeskrivning&#8221; _builder_version=&#8221;4.6.3&#8243; background_size=&#8221;initial&#8221; background_position=&#8221;top_left&#8221; background_repeat=&#8221;repeat&#8221; module_alignment=&#8221;left&#8221; use_border_color=&#8221;off&#8221; border_color=&#8221;#ffffff&#8221; border_style=&#8221;solid&#8221;]<\/p>\n<p>\n&nbsp;<\/p>\n<h2>SUP 12&#8217;6&#8243;x 29&#8243;\u00a0All wood<\/h2>\n<h4><em>Combines speed and stability with elegance<\/em><\/h4>\n<p><span id=\"result_box\" lang=\"en\"><span title=\"Yster SUP 12\u20196\u201dx 29\u2033 All Wood f\u00f6renar hastighet, stabilitet och estetik i en enast\u00e5ende kombination.\">Yster\u00a0SUP 12&#8217;6&#8243; x 29&#8243; All wood combines speed, stability and aesthetics in a unique combination. <\/span><span title=\"Br\u00e4dan passar utm\u00e4rkt till l\u00e5ngdistans-st\u00e5paddling, finess och rekreation. \">The coastal SUP board suites long distance paddling, fitness and recreation.<\/span><\/span><\/p>\n<p><span title=\"Genom att v\u00e5r 12\u20196\u201d All wood \u00e4r l\u00e5ngstr\u00e4ckt med h\u00f6g V-formad nos, pressas vattnet effektivt \u00e5t sidorna s\u00e5 att br\u00e4dan h\u00e5ller kursen \u00e4ven n\u00e4r det bl\u00e5ser sidovind.\">The rocker line of Yster\u00a0SUP 12&#8217;6&#8243; x 29&#8243; and\u00a0its high V-shaped nose efficiently cut through waves and chop\u00a0and keeps the course even\u00a0at\u00a0strong\u00a0side winds. Like\u00a0<\/span><span title=\"P\u00e5 samma s\u00e4tt som v\u00e5ra kolfiberbr\u00e4dor ger det \u201dfyrkantiga\u201d stj\u00e4rtpartiet stabilitet under sj\u00e4lv paddlingen n\u00e4r br\u00e4dan har fart i vattnet. \">our carbon fiber boards the square tail provides stability during paddling.<\/span><\/p>\n<p><span title=\"F\u00f6r att du ska slippa ha ryggs\u00e4ck med dig finns remmar p\u00e5 fr\u00e4mre delen h\u00e5ller fast vattenflaskor, sandaler och annan l\u00e4ttare packning du vill ha med dig under din st\u00e5paddling. \">Secure water bottles, dry bags\u00a0and other stuff in the bungee cords on the front deck for your day trip or long distance paddling.<\/span><\/p>\n<p><span id=\"result_box\" lang=\"en\"><span title=\"V\u00e5r SUP 12\u20196\u201dx 29\u2033 All Wood \u00e4r gjord i Zebratr\u00e4.\">Yster\u00a0SUP 12&#8217;6&#8243;x 29&#8243; All wood is made of\u00a0Zebra hardwood.<\/span><span title=\"till m\u00f6bler och musikinstrument.\">\u00a0<\/span><span title=\"Tr\u00e4materialet \u00e4r FSC\u00a9-certifierat vilket s\u00e4kerst\u00e4ller att materialet tagits fram genom ett ansvarsfullt skogsbruk som tar h\u00e4nsyn till natur och m\u00e4nniska. \">The wood in our boards is FSC\u00a9-certified to ensure that it\u00a0<\/span><\/span><span id=\"result_box\" lang=\"en\"><span title=\"Tr\u00e4materialet \u00e4r FSC\u00a9-certifierat vilket s\u00e4kerst\u00e4ller att materialet tagits fram genom ett ansvarsfullt skogsbruk som tar h\u00e4nsyn till natur och m\u00e4nniska. \">comes from well managed forests.<\/span><\/span><\/p>\n<p><span title=\"Varje SUP \u00e4r unik.\">Each SUP board is handmade and unique. <\/span><span title=\"Alla v\u00e5ra br\u00e4dor har ett exklusivt handskrivet serienummer framf\u00f6r fenboxen som s\u00e4tter en personlig pr\u00e4gel p\u00e5 varje br\u00e4da och borgar f\u00f6r ett h\u00f6gt andrahandsv\u00e4rde.\">All our boards have an exclusive hand-written serial number in front of the fin box\u00a0that puts a personal stamp on each board and ensures a high resale value.<\/span><\/p>\n<div id=\"gt-c\" class=\"g-section\">\n<div id=\"gt-form-c\">\n<form id=\"gt-form\" action=\"\/\" enctype=\"application\/x-www-form-urlencoded\" method=\"post\" name=\"text_form\">\n<div id=\"gt-text-all\"><\/div>\n<\/form>\n<\/div>\n<\/div>\n<p>[\/et_pb_text][\/et_pb_column][et_pb_column type=&#8221;1_3&#8243; _builder_version=&#8221;3.0.47&#8243; custom_padding=&#8221;|||&#8221; custom_padding__hover=&#8221;|||&#8221;][et_pb_text admin_label=&#8221;Specifikationer&#8221; _builder_version=&#8221;3.27.4&#8243; background_color=&#8221;#f4f4f4&#8243; background_size=&#8221;initial&#8221; background_position=&#8221;top_left&#8221; background_repeat=&#8221;repeat&#8221; module_alignment=&#8221;left&#8221; custom_padding=&#8221;25px|25px|25px|25px&#8221; z_index_tablet=&#8221;500&#8243; text_text_shadow_horizontal_length_tablet=&#8221;0px&#8221; text_text_shadow_vertical_length_tablet=&#8221;0px&#8221; text_text_shadow_blur_strength_tablet=&#8221;1px&#8221; link_text_shadow_horizontal_length_tablet=&#8221;0px&#8221; link_text_shadow_vertical_length_tablet=&#8221;0px&#8221; link_text_shadow_blur_strength_tablet=&#8221;1px&#8221; ul_text_shadow_horizontal_length_tablet=&#8221;0px&#8221; ul_text_shadow_vertical_length_tablet=&#8221;0px&#8221; ul_text_shadow_blur_strength_tablet=&#8221;1px&#8221; ol_text_shadow_horizontal_length_tablet=&#8221;0px&#8221; ol_text_shadow_vertical_length_tablet=&#8221;0px&#8221; ol_text_shadow_blur_strength_tablet=&#8221;1px&#8221; quote_text_shadow_horizontal_length_tablet=&#8221;0px&#8221; quote_text_shadow_vertical_length_tablet=&#8221;0px&#8221; quote_text_shadow_blur_strength_tablet=&#8221;1px&#8221; header_text_shadow_horizontal_length_tablet=&#8221;0px&#8221; header_text_shadow_vertical_length_tablet=&#8221;0px&#8221; header_text_shadow_blur_strength_tablet=&#8221;1px&#8221; header_2_text_shadow_horizontal_length_tablet=&#8221;0px&#8221; header_2_text_shadow_vertical_length_tablet=&#8221;0px&#8221; header_2_text_shadow_blur_strength_tablet=&#8221;1px&#8221; header_3_text_shadow_horizontal_length_tablet=&#8221;0px&#8221; header_3_text_shadow_vertical_length_tablet=&#8221;0px&#8221; header_3_text_shadow_blur_strength_tablet=&#8221;1px&#8221; header_4_text_shadow_horizontal_length_tablet=&#8221;0px&#8221; header_4_text_shadow_vertical_length_tablet=&#8221;0px&#8221; header_4_text_shadow_blur_strength_tablet=&#8221;1px&#8221; header_5_text_shadow_horizontal_length_tablet=&#8221;0px&#8221; header_5_text_shadow_vertical_length_tablet=&#8221;0px&#8221; header_5_text_shadow_blur_strength_tablet=&#8221;1px&#8221; header_6_text_shadow_horizontal_length_tablet=&#8221;0px&#8221; header_6_text_shadow_vertical_length_tablet=&#8221;0px&#8221; header_6_text_shadow_blur_strength_tablet=&#8221;1px&#8221; box_shadow_horizontal_tablet=&#8221;0px&#8221; box_shadow_vertical_tablet=&#8221;0px&#8221; box_shadow_blur_tablet=&#8221;40px&#8221; box_shadow_spread_tablet=&#8221;0px&#8221;]<\/p>\n<p>&nbsp;<\/p>\n<h6><strong>In the box:<\/strong><\/h6>\n<ul>\n<li>Yster SUP 12\u20196\u201dx 29\u2033\u00a0All Wood<\/li>\n<li>10\u201d single center fin<\/li>\n<li>Gore \u00ae Tex Vent plug<\/li>\n<\/ul>\n<h6><strong>Technical specification:<\/strong><\/h6>\n<ul>\n<li>Design: Sandwich with wood veneer<\/li>\n<li>Length: 12&#8217;6 &#8220;(381 cm)<\/li>\n<li>Width: 29 &#8220;(73.7 cm)<\/li>\n<li>Height: 7 &#8220;(17.8 mm)<\/li>\n<li>Volume:\u00a0265\u00a0liter<\/li>\n<li>Max recommended weight capacity: 100 kg<\/li>\n<li>Fin: Single 10&#8243;<\/li>\n<\/ul>\n<p>[\/et_pb_text][\/et_pb_column][\/et_pb_row][\/et_pb_section][et_pb_section fb_built=&#8221;1&#8243; fullwidth=&#8221;on&#8221; _builder_version=&#8221;3.22&#8243;][et_pb_fullwidth_slider admin_label=&#8221;Bildspel&#8221; _builder_version=&#8221;3.16&#8243; custom_padding=&#8221;200px||200px|&#8221; custom_padding_tablet=&#8221;|||&#8221; custom_padding_phone=&#8221;|||&#8221; box_shadow_style=&#8221;preset6&#8243; top_padding=&#8221;200px&#8221; bottom_padding=&#8221;200px&#8221; remove_inner_shadow=&#8221;off&#8221; hide_content_on_mobile=&#8221;off&#8221; hide_cta_on_mobile=&#8221;off&#8221; show_inner_shadow=&#8221;on&#8221; button_letter_spacing_hover=&#8221;0&#8243; button_text_size__hover_enabled=&#8221;off&#8221; button_text_size__hover=&#8221;null&#8221; button_one_text_size__hover_enabled=&#8221;off&#8221; button_one_text_size__hover=&#8221;null&#8221; button_two_text_size__hover_enabled=&#8221;off&#8221; button_two_text_size__hover=&#8221;null&#8221; button_text_color__hover_enabled=&#8221;off&#8221; button_text_color__hover=&#8221;null&#8221; button_one_text_color__hover_enabled=&#8221;off&#8221; button_one_text_color__hover=&#8221;null&#8221; button_two_text_color__hover_enabled=&#8221;off&#8221; button_two_text_color__hover=&#8221;null&#8221; button_border_width__hover_enabled=&#8221;off&#8221; button_border_width__hover=&#8221;null&#8221; button_one_border_width__hover_enabled=&#8221;off&#8221; button_one_border_width__hover=&#8221;null&#8221; button_two_border_width__hover_enabled=&#8221;off&#8221; button_two_border_width__hover=&#8221;null&#8221; button_border_color__hover_enabled=&#8221;off&#8221; button_border_color__hover=&#8221;null&#8221; button_one_border_color__hover_enabled=&#8221;off&#8221; button_one_border_color__hover=&#8221;null&#8221; button_two_border_color__hover_enabled=&#8221;off&#8221; button_two_border_color__hover=&#8221;null&#8221; button_border_radius__hover_enabled=&#8221;off&#8221; button_border_radius__hover=&#8221;null&#8221; button_one_border_radius__hover_enabled=&#8221;off&#8221; button_one_border_radius__hover=&#8221;null&#8221; button_two_border_radius__hover_enabled=&#8221;off&#8221; button_two_border_radius__hover=&#8221;null&#8221; button_letter_spacing__hover_enabled=&#8221;on&#8221; button_letter_spacing__hover=&#8221;0&#8243; button_one_letter_spacing__hover_enabled=&#8221;off&#8221; button_one_letter_spacing__hover=&#8221;null&#8221; button_two_letter_spacing__hover_enabled=&#8221;off&#8221; button_two_letter_spacing__hover=&#8221;null&#8221; button_bg_color__hover_enabled=&#8221;off&#8221; button_bg_color__hover=&#8221;null&#8221; button_one_bg_color__hover_enabled=&#8221;off&#8221; button_one_bg_color__hover=&#8221;null&#8221; button_two_bg_color__hover_enabled=&#8221;off&#8221; button_two_bg_color__hover=&#8221;null&#8221;][et_pb_slide use_bg_overlay=&#8221;off&#8221; use_text_overlay=&#8221;off&#8221; _builder_version=&#8221;3.16&#8243; header_font=&#8221;||||&#8221; body_font=&#8221;||||&#8221; background_color=&#8221;#ffffff&#8221; background_image=&#8221;https:\/\/ystersup.com\/wp-content\/uploads\/2016\/06\/Yster-SUP-All-wood-126-kopia-e1465039141976.jpg&#8221; button_icon_placement=&#8221;right&#8221; button_on_hover=&#8221;on&#8221; sticky_transition=&#8221;on&#8221; button_text_size__hover_enabled=&#8221;off&#8221; button_one_text_size__hover_enabled=&#8221;off&#8221; button_two_text_size__hover_enabled=&#8221;off&#8221; button_text_color__hover_enabled=&#8221;off&#8221; button_one_text_color__hover_enabled=&#8221;off&#8221; button_two_text_color__hover_enabled=&#8221;off&#8221; button_border_width__hover_enabled=&#8221;off&#8221; button_one_border_width__hover_enabled=&#8221;off&#8221; button_two_border_width__hover_enabled=&#8221;off&#8221; button_border_color__hover_enabled=&#8221;off&#8221; button_one_border_color__hover_enabled=&#8221;off&#8221; button_two_border_color__hover_enabled=&#8221;off&#8221; button_border_radius__hover_enabled=&#8221;off&#8221; button_one_border_radius__hover_enabled=&#8221;off&#8221; button_two_border_radius__hover_enabled=&#8221;off&#8221; button_letter_spacing__hover_enabled=&#8221;off&#8221; button_one_letter_spacing__hover_enabled=&#8221;off&#8221; button_two_letter_spacing__hover_enabled=&#8221;off&#8221; button_bg_color__hover_enabled=&#8221;off&#8221; button_one_bg_color__hover_enabled=&#8221;off&#8221; button_two_bg_color__hover_enabled=&#8221;off&#8221;] [\/et_pb_slide][\/et_pb_fullwidth_slider][\/et_pb_section]<\/p>\n","protected":false},"excerpt":{"rendered":"<p><span id=\"result_box\" lang=\"en\">Yster SUP 12&#8217;6&#8243;x 29&#8243; All wood combines speed, stability and aesthetics in an outstanding combination. A coastal SUP board that is perfect for long distance, fitness and recreation.<\/span><\/p>\n","protected":false},"featured_media":802,"comment_status":"open","ping_status":"closed","template":"","meta":{"_et_pb_use_builder":"on","_et_pb_old_content":"","_et_gb_content_width":""},"product_brand":[],"product_cat":[54,25],"product_tag":[],"yst_prominent_words":[],"class_list":{"0":"post-437","1":"product","2":"type-product","3":"status-publish","4":"has-post-thumbnail","6":"product_cat-hardboards-en","7":"product_cat-sups","8":"product_shipping_class-hard-board","10":"first","11":"outofstock","12":"downloadable","13":"taxable","14":"shipping-taxable","15":"purchasable","16":"product-type-simple"},"jetpack_sharing_enabled":true,"_links":{"self":[{"href":"https:\/\/ystersup.com\/en\/wp-json\/wp\/v2\/product\/437","targetHints":{"allow":["GET"]}}],"collection":[{"href":"https:\/\/ystersup.com\/en\/wp-json\/wp\/v2\/product"}],"about":[{"href":"https:\/\/ystersup.com\/en\/wp-json\/wp\/v2\/types\/product"}],"replies":[{"embeddable":true,"href":"https:\/\/ystersup.com\/en\/wp-json\/wp\/v2\/comments?post=437"}],"wp:featuredmedia":[{"embeddable":true,"href":"https:\/\/ystersup.com\/en\/wp-json\/wp\/v2\/media\/802"}],"wp:attachment":[{"href":"https:\/\/ystersup.com\/en\/wp-json\/wp\/v2\/media?parent=437"}],"wp:term":[{"taxonomy":"product_brand","embeddable":true,"href":"https:\/\/ystersup.com\/en\/wp-json\/wp\/v2\/product_brand?post=437"},{"taxonomy":"product_cat","embeddable":true,"href":"https:\/\/ystersup.com\/en\/wp-json\/wp\/v2\/product_cat?post=437"},{"taxonomy":"product_tag","embeddable":true,"href":"https:\/\/ystersup.com\/en\/wp-json\/wp\/v2\/product_tag?post=437"},{"taxonomy":"yst_prominent_words","embeddable":true,"href":"https:\/\/ystersup.com\/en\/wp-json\/wp\/v2\/yst_prominent_words?post=437"}],"curies":[{"name":"wp","href":"https:\/\/api.w.org\/{rel}","templated":true}]}}