{"id":7761,"date":"2026-02-01T15:20:43","date_gmt":"2026-02-01T14:20:43","guid":{"rendered":"https:\/\/ystersup.com\/product\/yster-sup-14x-23-naked-carbon-prototype-begagnad\/"},"modified":"2026-02-02T18:32:32","modified_gmt":"2026-02-02T17:32:32","slug":"yster-sup-14x-23-naked-carbon-prototype-used","status":"publish","type":"product","link":"https:\/\/ystersup.com\/en\/product\/yster-sup-14x-23-naked-carbon-prototype-used\/","title":{"rendered":"Yster SUP 14&#8217;x 23&#8243; Naked Carbon Prototype &#8211; Used"},"content":{"rendered":"<p>[et_pb_section fb_built=&#8221;1&#8243; admin_label=&#8221;section&#8221; _builder_version=&#8221;4.16&#8243; global_colors_info=&#8221;{}&#8221;][et_pb_row column_structure=&#8221;2_3,1_3&#8243; admin_label=&#8221;row&#8221; _builder_version=&#8221;4.16&#8243; background_size=&#8221;initial&#8221; background_position=&#8221;top_left&#8221; background_repeat=&#8221;repeat&#8221; global_colors_info=&#8221;{}&#8221;][et_pb_column type=&#8221;2_3&#8243; _builder_version=&#8221;4.16&#8243; custom_padding=&#8221;|||&#8221; global_colors_info=&#8221;{}&#8221; custom_padding__hover=&#8221;|||&#8221;][et_pb_text _builder_version=&#8221;4.27.5&#8243; background_size=&#8221;initial&#8221; background_position=&#8221;top_left&#8221; background_repeat=&#8221;repeat&#8221; vertical_offset_tablet=&#8221;0&#8243; horizontal_offset_tablet=&#8221;0&#8243; hover_enabled=&#8221;0&#8243; z_index_tablet=&#8221;0&#8243; text_text_shadow_horizontal_length_tablet=&#8221;0px&#8221; text_text_shadow_vertical_length_tablet=&#8221;0px&#8221; text_text_shadow_blur_strength_tablet=&#8221;1px&#8221; link_text_shadow_horizontal_length_tablet=&#8221;0px&#8221; link_text_shadow_vertical_length_tablet=&#8221;0px&#8221; link_text_shadow_blur_strength_tablet=&#8221;1px&#8221; ul_text_shadow_horizontal_length_tablet=&#8221;0px&#8221; ul_text_shadow_vertical_length_tablet=&#8221;0px&#8221; ul_text_shadow_blur_strength_tablet=&#8221;1px&#8221; ol_text_shadow_horizontal_length_tablet=&#8221;0px&#8221; ol_text_shadow_vertical_length_tablet=&#8221;0px&#8221; ol_text_shadow_blur_strength_tablet=&#8221;1px&#8221; quote_text_shadow_horizontal_length_tablet=&#8221;0px&#8221; quote_text_shadow_vertical_length_tablet=&#8221;0px&#8221; quote_text_shadow_blur_strength_tablet=&#8221;1px&#8221; header_text_shadow_horizontal_length_tablet=&#8221;0px&#8221; header_text_shadow_vertical_length_tablet=&#8221;0px&#8221; header_text_shadow_blur_strength_tablet=&#8221;1px&#8221; header_2_text_shadow_horizontal_length_tablet=&#8221;0px&#8221; header_2_text_shadow_vertical_length_tablet=&#8221;0px&#8221; header_2_text_shadow_blur_strength_tablet=&#8221;1px&#8221; header_3_text_shadow_horizontal_length_tablet=&#8221;0px&#8221; header_3_text_shadow_vertical_length_tablet=&#8221;0px&#8221; header_3_text_shadow_blur_strength_tablet=&#8221;1px&#8221; header_4_text_shadow_horizontal_length_tablet=&#8221;0px&#8221; header_4_text_shadow_vertical_length_tablet=&#8221;0px&#8221; header_4_text_shadow_blur_strength_tablet=&#8221;1px&#8221; header_5_text_shadow_horizontal_length_tablet=&#8221;0px&#8221; header_5_text_shadow_vertical_length_tablet=&#8221;0px&#8221; header_5_text_shadow_blur_strength_tablet=&#8221;1px&#8221; header_6_text_shadow_horizontal_length_tablet=&#8221;0px&#8221; header_6_text_shadow_vertical_length_tablet=&#8221;0px&#8221; header_6_text_shadow_blur_strength_tablet=&#8221;1px&#8221; box_shadow_horizontal_tablet=&#8221;0px&#8221; box_shadow_vertical_tablet=&#8221;0px&#8221; box_shadow_blur_tablet=&#8221;40px&#8221; box_shadow_spread_tablet=&#8221;0px&#8221; use_border_color=&#8221;off&#8221; global_colors_info=&#8221;{}&#8221; sticky_enabled=&#8221;0&#8243;]<\/p>\n<h2><span dir=\"auto\" style=\"vertical-align: inherit;\"><span dir=\"auto\" style=\"vertical-align: inherit;\">SUP 14&#8217;x 23&#8243; Naked Carbon &#8211; Prototype 3.2 V4<\/span><\/span><\/h2>\n<h4><em><span dir=\"auto\" style=\"vertical-align: inherit;\"><span dir=\"auto\" style=\"vertical-align: inherit;\">You won&#8217;t find a better glide.\u00a0<\/span><\/span><\/em><\/h4>\n<p><span dir=\"auto\" style=\"vertical-align: inherit;\"><span dir=\"auto\" style=\"vertical-align: inherit;\">Yster SUP 14&#8217;x 23&#8243; Naked Carbon Prototype 3.2 V4 is a prototype where we have tweaked all parameters to provide the best glide possible. Thanks to the shape, rail and tail, the acceleration and glide are absolutely phenomenal.\u00a0 You will bring balance because this board does not provide any dynamic stability.<\/span><\/span><\/p>\n<p>[\/et_pb_text][\/et_pb_column][et_pb_column type=&#8221;1_3&#8243; _builder_version=&#8221;4.16&#8243; custom_padding=&#8221;|||&#8221; global_colors_info=&#8221;{}&#8221; custom_padding__hover=&#8221;|||&#8221;][et_pb_text admin_label=&#8221;Spec&#8221; _builder_version=&#8221;4.27.5&#8243; background_color=&#8221;#f4f4f4&#8243; background_size=&#8221;initial&#8221; background_position=&#8221;top_left&#8221; background_repeat=&#8221;repeat&#8221; vertical_offset_tablet=&#8221;0&#8243; horizontal_offset_tablet=&#8221;0&#8243; module_alignment=&#8221;left&#8221; custom_padding=&#8221;25px|25px|25px|25px&#8221; hover_enabled=&#8221;0&#8243; z_index_tablet=&#8221;0&#8243; text_text_shadow_horizontal_length_tablet=&#8221;0px&#8221; text_text_shadow_vertical_length_tablet=&#8221;0px&#8221; text_text_shadow_blur_strength_tablet=&#8221;1px&#8221; link_text_shadow_horizontal_length_tablet=&#8221;0px&#8221; link_text_shadow_vertical_length_tablet=&#8221;0px&#8221; link_text_shadow_blur_strength_tablet=&#8221;1px&#8221; ul_text_shadow_horizontal_length_tablet=&#8221;0px&#8221; ul_text_shadow_vertical_length_tablet=&#8221;0px&#8221; ul_text_shadow_blur_strength_tablet=&#8221;1px&#8221; ol_text_shadow_horizontal_length_tablet=&#8221;0px&#8221; ol_text_shadow_vertical_length_tablet=&#8221;0px&#8221; ol_text_shadow_blur_strength_tablet=&#8221;1px&#8221; quote_text_shadow_horizontal_length_tablet=&#8221;0px&#8221; quote_text_shadow_vertical_length_tablet=&#8221;0px&#8221; quote_text_shadow_blur_strength_tablet=&#8221;1px&#8221; header_text_shadow_horizontal_length_tablet=&#8221;0px&#8221; header_text_shadow_vertical_length_tablet=&#8221;0px&#8221; header_text_shadow_blur_strength_tablet=&#8221;1px&#8221; header_2_text_shadow_horizontal_length_tablet=&#8221;0px&#8221; header_2_text_shadow_vertical_length_tablet=&#8221;0px&#8221; header_2_text_shadow_blur_strength_tablet=&#8221;1px&#8221; header_3_text_shadow_horizontal_length_tablet=&#8221;0px&#8221; header_3_text_shadow_vertical_length_tablet=&#8221;0px&#8221; header_3_text_shadow_blur_strength_tablet=&#8221;1px&#8221; header_4_text_shadow_horizontal_length_tablet=&#8221;0px&#8221; header_4_text_shadow_vertical_length_tablet=&#8221;0px&#8221; header_4_text_shadow_blur_strength_tablet=&#8221;1px&#8221; header_5_text_shadow_horizontal_length_tablet=&#8221;0px&#8221; header_5_text_shadow_vertical_length_tablet=&#8221;0px&#8221; header_5_text_shadow_blur_strength_tablet=&#8221;1px&#8221; header_6_text_shadow_horizontal_length_tablet=&#8221;0px&#8221; header_6_text_shadow_vertical_length_tablet=&#8221;0px&#8221; header_6_text_shadow_blur_strength_tablet=&#8221;1px&#8221; box_shadow_horizontal_tablet=&#8221;0px&#8221; box_shadow_vertical_tablet=&#8221;0px&#8221; box_shadow_blur_tablet=&#8221;40px&#8221; box_shadow_spread_tablet=&#8221;0px&#8221; global_colors_info=&#8221;{}&#8221; sticky_enabled=&#8221;0&#8243;]<\/p>\n<h6><strong>In the box<\/strong><\/h6>\n<ul>\n<li>Yster SUP 14\u2019x 23\u2033 Naked Carbon Prototype 3.2 V4<\/li>\n<li>Yster SUP 8\u2033 Fast-Track Fin<\/li>\n<li>Integrated Vent\u00a0<\/li>\n<\/ul>\n<h6><strong>Technical specification:<\/strong><\/h6>\n<ul>\n<li>Design: Twill weave carbon fiber sandwich<\/li>\n<li>Length: 14\u2019<\/li>\n<li>Widtth: 23\u201d<\/li>\n<li>Height: 11\u201d<\/li>\n<li>Volume: 255 liter<\/li>\n<li>Max recommended weight capacity: 85 kg<\/li>\n<li>Fin box: Standard single US fin box<\/li>\n<\/ul>\n<p>[\/et_pb_text][\/et_pb_column][\/et_pb_row][\/et_pb_section]<\/p>\n","protected":false},"excerpt":{"rendered":"<p>Prototypen Yster SUP 14\u2019x 23\u2033 Naked Carbon \u00e4r resultatet av avancerad 3D-modellering i kombination med iterativ prototyping med VM- och OS medalj\u00f6ren Martin Hunter d\u00e4r vi optimerat br\u00e4dan f\u00f6r minitmalt vattenmotst\u00e5nd.<\/p>\n<blockquote><p>En fin Yster SUP 14\u2019x 23\u2033 Naked Carbon. H\u00e4mtas i Malm\u00f6 eller skickas inom Sverige f\u00f6r ca 1500 SEK.<\/p><\/blockquote>\n","protected":false},"featured_media":7758,"comment_status":"open","ping_status":"closed","template":"","meta":{"_et_pb_use_builder":"on","_et_pb_old_content":"","_et_gb_content_width":""},"product_brand":[],"product_cat":[91],"product_tag":[],"yst_prominent_words":[],"class_list":{"0":"post-7761","1":"product","2":"type-product","3":"status-publish","4":"has-post-thumbnail","6":"product_cat-used-sup-boards","7":"product_shipping_class-hard-board","9":"first","10":"instock","11":"taxable","12":"shipping-taxable","13":"purchasable","14":"product-type-simple"},"jetpack_sharing_enabled":true,"_links":{"self":[{"href":"https:\/\/ystersup.com\/en\/wp-json\/wp\/v2\/product\/7761","targetHints":{"allow":["GET"]}}],"collection":[{"href":"https:\/\/ystersup.com\/en\/wp-json\/wp\/v2\/product"}],"about":[{"href":"https:\/\/ystersup.com\/en\/wp-json\/wp\/v2\/types\/product"}],"replies":[{"embeddable":true,"href":"https:\/\/ystersup.com\/en\/wp-json\/wp\/v2\/comments?post=7761"}],"wp:featuredmedia":[{"embeddable":true,"href":"https:\/\/ystersup.com\/en\/wp-json\/wp\/v2\/media\/7758"}],"wp:attachment":[{"href":"https:\/\/ystersup.com\/en\/wp-json\/wp\/v2\/media?parent=7761"}],"wp:term":[{"taxonomy":"product_brand","embeddable":true,"href":"https:\/\/ystersup.com\/en\/wp-json\/wp\/v2\/product_brand?post=7761"},{"taxonomy":"product_cat","embeddable":true,"href":"https:\/\/ystersup.com\/en\/wp-json\/wp\/v2\/product_cat?post=7761"},{"taxonomy":"product_tag","embeddable":true,"href":"https:\/\/ystersup.com\/en\/wp-json\/wp\/v2\/product_tag?post=7761"},{"taxonomy":"yst_prominent_words","embeddable":true,"href":"https:\/\/ystersup.com\/en\/wp-json\/wp\/v2\/yst_prominent_words?post=7761"}],"curies":[{"name":"wp","href":"https:\/\/api.w.org\/{rel}","templated":true}]}}